{"id":350,"date":"2019-04-27T08:22:22","date_gmt":"2019-04-27T08:22:22","guid":{"rendered":"http:\/\/maestrojubilado.es\/?page_id=350"},"modified":"2024-06-05T19:42:50","modified_gmt":"2024-06-05T19:42:50","slug":"segobriga-ucles","status":"publish","type":"page","link":"http:\/\/maestrojubilado.es\/?page_id=350","title":{"rendered":"EXCURSI\u00d3N Seg\u00f3briga, Ucl\u00e9s y Huete (Abril 2019)"},"content":{"rendered":"<ol>\n<li style=\"text-align: left;\">\n<hr \/>\n<h2>Primera parada en el Monasterio de Ucl\u00e9s<\/h2>\n<p>&nbsp;<\/p>\n<p><img loading=\"lazy\" decoding=\"async\" width=\"4000\" height=\"3000\" class=\"alignnone size-full wp-image-391\" src=\"http:\/\/maestrojubilado.es\/wp-content\/uploads\/2019\/04\/grupoucles111.jpg\" alt=\"grupoucles111\" srcset=\"http:\/\/maestrojubilado.es\/wp-content\/uploads\/2019\/04\/grupoucles111.jpg 4000w, http:\/\/maestrojubilado.es\/wp-content\/uploads\/2019\/04\/grupoucles111-150x113.jpg 150w, http:\/\/maestrojubilado.es\/wp-content\/uploads\/2019\/04\/grupoucles111-1024x768.jpg 1024w, http:\/\/maestrojubilado.es\/wp-content\/uploads\/2019\/04\/grupoucles111-768x576.jpg 768w, http:\/\/maestrojubilado.es\/wp-content\/uploads\/2019\/04\/grupoucles111-1200x900.jpg 1200w\" sizes=\"auto, (max-width: 4000px) 100vw, 4000px\" \/>Grupo junto a la fachada este del Monasterio de Ucl\u00e9s. <a href=\"http:\/\/maestrojubilado.es\/wp-content\/uploads\/2019\/04\/grupoucles111.jpg\"> Ir a foto ampliada<\/a><\/li>\n<li><img loading=\"lazy\" decoding=\"async\" class=\"alignnone size-medium wp-image-356\" src=\"http:\/\/maestrojubilado.es\/wp-content\/uploads\/2019\/04\/IMG_20190427_104436-1024x768.jpg\" alt=\"img_20190427_104436\" width=\"1024\" height=\"768\" srcset=\"http:\/\/maestrojubilado.es\/wp-content\/uploads\/2019\/04\/IMG_20190427_104436-1024x768.jpg 1024w, http:\/\/maestrojubilado.es\/wp-content\/uploads\/2019\/04\/IMG_20190427_104436-150x113.jpg 150w, http:\/\/maestrojubilado.es\/wp-content\/uploads\/2019\/04\/IMG_20190427_104436-768x576.jpg 768w, http:\/\/maestrojubilado.es\/wp-content\/uploads\/2019\/04\/IMG_20190427_104436-1200x900.jpg 1200w\" sizes=\"auto, (max-width: 1024px) 100vw, 1024px\" \/>En el refectorio viendo su impresionante artesonado<\/li>\n<\/ol>\n<p><img loading=\"lazy\" decoding=\"async\" class=\"alignnone size-full wp-image-360\" src=\"http:\/\/maestrojubilado.es\/wp-content\/uploads\/2019\/04\/sacristia.jpg\" alt=\"sacristia\" width=\"750\" height=\"1000\" srcset=\"http:\/\/maestrojubilado.es\/wp-content\/uploads\/2019\/04\/sacristia.jpg 750w, http:\/\/maestrojubilado.es\/wp-content\/uploads\/2019\/04\/sacristia-113x150.jpg 113w\" sizes=\"auto, (max-width: 750px) 100vw, 750px\" \/>Sacrist\u00eda<\/p>\n<p><img loading=\"lazy\" decoding=\"async\" class=\"alignnone size-medium wp-image-363\" src=\"http:\/\/maestrojubilado.es\/wp-content\/uploads\/2019\/04\/IMG_20190427_110406-1024x768.jpg\" alt=\"img_20190427_110406\" width=\"1024\" height=\"768\" srcset=\"http:\/\/maestrojubilado.es\/wp-content\/uploads\/2019\/04\/IMG_20190427_110406-1024x768.jpg 1024w, http:\/\/maestrojubilado.es\/wp-content\/uploads\/2019\/04\/IMG_20190427_110406-150x113.jpg 150w, http:\/\/maestrojubilado.es\/wp-content\/uploads\/2019\/04\/IMG_20190427_110406-768x576.jpg 768w, http:\/\/maestrojubilado.es\/wp-content\/uploads\/2019\/04\/IMG_20190427_110406-1200x900.jpg 1200w\" sizes=\"auto, (max-width: 1024px) 100vw, 1024px\" \/>Iglesia<\/p>\n<h2>Segunda parada en Seg\u00f3briga<\/h2>\n<p><img loading=\"lazy\" decoding=\"async\" class=\"alignnone size-medium wp-image-367\" src=\"http:\/\/maestrojubilado.es\/wp-content\/uploads\/2019\/04\/teatro-1024x768.jpg\" alt=\"teatro\" width=\"1024\" height=\"768\" srcset=\"http:\/\/maestrojubilado.es\/wp-content\/uploads\/2019\/04\/teatro-1024x768.jpg 1024w, http:\/\/maestrojubilado.es\/wp-content\/uploads\/2019\/04\/teatro-150x113.jpg 150w, http:\/\/maestrojubilado.es\/wp-content\/uploads\/2019\/04\/teatro-768x576.jpg 768w, http:\/\/maestrojubilado.es\/wp-content\/uploads\/2019\/04\/teatro-1200x900.jpg 1200w\" sizes=\"auto, (max-width: 1024px) 100vw, 1024px\" \/>Teatro<\/p>\n<p style=\"text-align: justify;\"><img loading=\"lazy\" decoding=\"async\" class=\"alignnone size-medium wp-image-368\" src=\"http:\/\/maestrojubilado.es\/wp-content\/uploads\/2019\/04\/anfiteatro-1024x768.jpg\" alt=\"anfiteatro\" width=\"1024\" height=\"768\" srcset=\"http:\/\/maestrojubilado.es\/wp-content\/uploads\/2019\/04\/anfiteatro-1024x768.jpg 1024w, http:\/\/maestrojubilado.es\/wp-content\/uploads\/2019\/04\/anfiteatro-150x113.jpg 150w, http:\/\/maestrojubilado.es\/wp-content\/uploads\/2019\/04\/anfiteatro-768x576.jpg 768w, http:\/\/maestrojubilado.es\/wp-content\/uploads\/2019\/04\/anfiteatro-1200x900.jpg 1200w\" sizes=\"auto, (max-width: 1024px) 100vw, 1024px\" \/>Anfiteatro<\/p>\n<h2 style=\"text-align: justify;\"><strong>Huete<\/strong><\/h2>\n<p><img loading=\"lazy\" decoding=\"async\" class=\"alignnone size-medium wp-image-372\" src=\"http:\/\/maestrojubilado.es\/wp-content\/uploads\/2019\/04\/IMG_20190427_171532-1024x768.jpg\" alt=\"img_20190427_171532\" width=\"1024\" height=\"768\" srcset=\"http:\/\/maestrojubilado.es\/wp-content\/uploads\/2019\/04\/IMG_20190427_171532-1024x768.jpg 1024w, http:\/\/maestrojubilado.es\/wp-content\/uploads\/2019\/04\/IMG_20190427_171532-150x113.jpg 150w, http:\/\/maestrojubilado.es\/wp-content\/uploads\/2019\/04\/IMG_20190427_171532-768x576.jpg 768w, http:\/\/maestrojubilado.es\/wp-content\/uploads\/2019\/04\/IMG_20190427_171532-1200x900.jpg 1200w\" sizes=\"auto, (max-width: 1024px) 100vw, 1024px\" \/><\/p>\n<p style=\"text-align: justify;\">\u00a0<img loading=\"lazy\" decoding=\"async\" class=\"alignnone size-medium wp-image-376\" src=\"http:\/\/maestrojubilado.es\/wp-content\/uploads\/2019\/04\/IMG_20190427_174116-1024x768.jpg\" alt=\"img_20190427_174116\" width=\"1024\" height=\"768\" srcset=\"http:\/\/maestrojubilado.es\/wp-content\/uploads\/2019\/04\/IMG_20190427_174116-1024x768.jpg 1024w, http:\/\/maestrojubilado.es\/wp-content\/uploads\/2019\/04\/IMG_20190427_174116-150x113.jpg 150w, http:\/\/maestrojubilado.es\/wp-content\/uploads\/2019\/04\/IMG_20190427_174116-768x576.jpg 768w, http:\/\/maestrojubilado.es\/wp-content\/uploads\/2019\/04\/IMG_20190427_174116-1200x900.jpg 1200w\" sizes=\"auto, (max-width: 1024px) 100vw, 1024px\" \/><\/p>\n<p style=\"text-align: justify;\"><img loading=\"lazy\" decoding=\"async\" class=\"alignnone size-medium wp-image-379\" src=\"http:\/\/maestrojubilado.es\/wp-content\/uploads\/2019\/04\/puertamedina-1024x768.jpg\" alt=\"puertamedina\" width=\"1024\" height=\"768\" srcset=\"http:\/\/maestrojubilado.es\/wp-content\/uploads\/2019\/04\/puertamedina-1024x768.jpg 1024w, http:\/\/maestrojubilado.es\/wp-content\/uploads\/2019\/04\/puertamedina-150x113.jpg 150w, http:\/\/maestrojubilado.es\/wp-content\/uploads\/2019\/04\/puertamedina-768x576.jpg 768w, http:\/\/maestrojubilado.es\/wp-content\/uploads\/2019\/04\/puertamedina-1200x900.jpg 1200w\" sizes=\"auto, (max-width: 1024px) 100vw, 1024px\" \/><\/p>\n<p><!--more--><\/p>\n","protected":false},"excerpt":{"rendered":"<p>Primera parada en el Monasterio de Ucl\u00e9s &nbsp; Grupo junto a la fachada este del Monasterio de Ucl\u00e9s. Ir a foto ampliada En el refectorio viendo su impresionante artesonado Sacrist\u00eda Iglesia Segunda parada en Seg\u00f3briga Teatro Anfiteatro Huete \u00a0<\/p>\n","protected":false},"author":1,"featured_media":0,"parent":0,"menu_order":0,"comment_status":"closed","ping_status":"closed","template":"","meta":{"footnotes":""},"class_list":["post-350","page","type-page","status-publish","hentry"],"_links":{"self":[{"href":"http:\/\/maestrojubilado.es\/index.php?rest_route=\/wp\/v2\/pages\/350","targetHints":{"allow":["GET"]}}],"collection":[{"href":"http:\/\/maestrojubilado.es\/index.php?rest_route=\/wp\/v2\/pages"}],"about":[{"href":"http:\/\/maestrojubilado.es\/index.php?rest_route=\/wp\/v2\/types\/page"}],"author":[{"embeddable":true,"href":"http:\/\/maestrojubilado.es\/index.php?rest_route=\/wp\/v2\/users\/1"}],"replies":[{"embeddable":true,"href":"http:\/\/maestrojubilado.es\/index.php?rest_route=%2Fwp%2Fv2%2Fcomments&post=350"}],"version-history":[{"count":32,"href":"http:\/\/maestrojubilado.es\/index.php?rest_route=\/wp\/v2\/pages\/350\/revisions"}],"predecessor-version":[{"id":892,"href":"http:\/\/maestrojubilado.es\/index.php?rest_route=\/wp\/v2\/pages\/350\/revisions\/892"}],"wp:attachment":[{"href":"http:\/\/maestrojubilado.es\/index.php?rest_route=%2Fwp%2Fv2%2Fmedia&parent=350"}],"curies":[{"name":"wp","href":"https:\/\/api.w.org\/{rel}","templated":true}]}}