{"id":792,"date":"2024-06-05T15:48:27","date_gmt":"2024-06-05T15:48:27","guid":{"rendered":"http:\/\/maestrojubilado.es\/?page_id=792"},"modified":"2025-11-18T18:28:06","modified_gmt":"2025-11-18T18:28:06","slug":"junta-directiva","status":"publish","type":"page","link":"http:\/\/maestrojubilado.es\/?page_id=792","title":{"rendered":"JUNTA DIRECTIVA"},"content":{"rendered":"\r\n<p><img decoding=\"async\" src=\"https:\/\/encrypted-tbn0.gstatic.com\/images?q=tbn:ANd9GcScuIv1OX9SL5bf-mdvWEUoMcHj83jLG8QCgQ&amp;s\" alt=\"Qu\u00e9 modalidad de contrato se debe hacer para contratar a un miembro de la  junta para funciones diferentes a su cargo? - GE.S.A.L. D\u00cdEZ AVIL\u00c9S\" \/><\/p>\r\n<ol>\r\n<li><strong>Presidente:<\/strong>\u00a0D\u00f1a. M\u00aa del Carmen Su\u00e1rez Cigarr\u00e1n<\/li>\r\n<li><strong>Secretaria:<\/strong>\u00a0D\u00f1a. Elisa Borda Salsamendi<\/li>\r\n<li><strong>Tesorera:<\/strong>\u00a0D\u00f1a. Isabel D\u00edez del Corral Mart\u00ednez<\/li>\r\n<li><strong>Vocal 1<\/strong>: D\u00f1a. M\u00aa del Rosario Sanz Garc\u00eda<\/li>\r\n<li><strong>Vocal 2<\/strong>: D. Tom\u00e1s Garc\u00eda Mancha<\/li>\r\n<li><strong>Vocal 3<\/strong>: D\u00f1a. M\u00aa Aurora Gil Serrano<\/li>\r\n<li><strong>Vocal 4<\/strong>: D\u00f1a. Susana Montemayor Ruiz<\/li>\r\n<\/ol>\r\n","protected":false},"excerpt":{"rendered":"<p>Presidente:\u00a0D\u00f1a. M\u00aa del Carmen Su\u00e1rez Cigarr\u00e1n Secretaria:\u00a0D\u00f1a. Elisa Borda Salsamendi Tesorera:\u00a0D\u00f1a. Isabel D\u00edez del Corral Mart\u00ednez Vocal 1: D\u00f1a. M\u00aa del Rosario Sanz Garc\u00eda Vocal 2: D. Tom\u00e1s Garc\u00eda Mancha Vocal 3: D\u00f1a. M\u00aa Aurora Gil Serrano Vocal 4: D\u00f1a. Susana Montemayor Ruiz<\/p>\n","protected":false},"author":2,"featured_media":0,"parent":0,"menu_order":0,"comment_status":"closed","ping_status":"closed","template":"","meta":{"footnotes":""},"class_list":["post-792","page","type-page","status-publish","hentry"],"_links":{"self":[{"href":"http:\/\/maestrojubilado.es\/index.php?rest_route=\/wp\/v2\/pages\/792","targetHints":{"allow":["GET"]}}],"collection":[{"href":"http:\/\/maestrojubilado.es\/index.php?rest_route=\/wp\/v2\/pages"}],"about":[{"href":"http:\/\/maestrojubilado.es\/index.php?rest_route=\/wp\/v2\/types\/page"}],"author":[{"embeddable":true,"href":"http:\/\/maestrojubilado.es\/index.php?rest_route=\/wp\/v2\/users\/2"}],"replies":[{"embeddable":true,"href":"http:\/\/maestrojubilado.es\/index.php?rest_route=%2Fwp%2Fv2%2Fcomments&post=792"}],"version-history":[{"count":9,"href":"http:\/\/maestrojubilado.es\/index.php?rest_route=\/wp\/v2\/pages\/792\/revisions"}],"predecessor-version":[{"id":971,"href":"http:\/\/maestrojubilado.es\/index.php?rest_route=\/wp\/v2\/pages\/792\/revisions\/971"}],"wp:attachment":[{"href":"http:\/\/maestrojubilado.es\/index.php?rest_route=%2Fwp%2Fv2%2Fmedia&parent=792"}],"curies":[{"name":"wp","href":"https:\/\/api.w.org\/{rel}","templated":true}]}}