{"id":887,"date":"2024-06-05T19:33:14","date_gmt":"2024-06-05T19:33:14","guid":{"rendered":"http:\/\/maestrojubilado.es\/?page_id=887"},"modified":"2024-06-07T19:25:41","modified_gmt":"2024-06-07T19:25:41","slug":"historia-2","status":"publish","type":"page","link":"http:\/\/maestrojubilado.es\/?page_id=887","title":{"rendered":"HISTORIA"},"content":{"rendered":"<ul>\n<li><a href=\"http:\/\/maestrojubilado.es\/?page_id=21\">HISTORIA 1950-2008<\/a><\/li>\n<li><a href=\"http:\/\/maestrojubilado.es\/?p=213\">HOMENAJE A LOS MAESTROS (por D. Jos\u00e9 Mar\u00eda Robledo Sacrist\u00e1n)<\/a><\/li>\n<li><a href=\"http:\/\/maestrojubilado.es\/?page_id=22\">50 ANIVERSARIO<\/a><\/li>\n<li><a href=\"http:\/\/maestrojubilado.es\/?page_id=146\">ACTOS DE CELEBRACI\u00d3N 50 ANIVERSARIO<\/a><\/li>\n<li><a href=\"http:\/\/maestrojubilado.es\/?p=954\">REVISTA DEL 50 ANIVERSARIO<\/a><\/li>\n<li><a href=\"http:\/\/maestrojubilado.es\/?p=97\">VISITA A LA RESIDENCIA (Noviembre 2016)<\/a><\/li>\n<li><a href=\"http:\/\/maestrojubilado.es\/?p=156\">EXCURSI\u00d3N a Pastrana (Enero 2017)<\/a><\/li>\n<li><a href=\"http:\/\/maestrojubilado.es\/?p=182\">EXCURSI\u00d3N a Atienza (Abril 2017)<\/a><\/li>\n<li><a href=\"http:\/\/maestrojubilado.es\/?p=221\">EXCURSI\u00d3N a Guadalajara (Noviembre 2017)<\/a><\/li>\n<li><a href=\"http:\/\/maestrojubilado.es\/?p=232\">NAVIDAD 2017<\/a><\/li>\n<li><a href=\"http:\/\/maestrojubilado.es\/?p=248\">CONCIERTO Orquesta y Coro de RTVE 2018<\/a><\/li>\n<li><a href=\"http:\/\/maestrojubilado.es\/?p=291\">EXCURSI\u00d3N a Segovia (Abril 2018)<\/a><\/li>\n<li><a href=\"http:\/\/maestrojubilado.es\/?page_id=350\">EXCURSI\u00d3N a Seg\u00f3briga, Ucl\u00e9s y Huete (Abril 2019)<\/a><\/li>\n<li><a href=\"http:\/\/maestrojubilado.es\/?p=426\">EXCURSI\u00d3N a Sig\u00fcenza y Pelegrina (Octubre 2019)<\/a><\/li>\n<li><a href=\"http:\/\/maestrojubilado.es\/?p=452\">CONCIERTO DE NAVIDAD (Diciembre 2019)<\/a><\/li>\n<\/ul>\n<p>&nbsp;<\/p>\n<p>&nbsp;<\/p>\n<p>&nbsp;<\/p>\n<p>&nbsp;<\/p>\n<p>&nbsp;<\/p>\n<p>&nbsp;<\/p>\n<p>&nbsp;<\/p>\n<p>&nbsp;<\/p>\n<p>&nbsp;<\/p>\n","protected":false},"excerpt":{"rendered":"<p>HISTORIA 1950-2008 HOMENAJE A LOS MAESTROS (por D. Jos\u00e9 Mar\u00eda Robledo Sacrist\u00e1n) 50 ANIVERSARIO ACTOS DE CELEBRACI\u00d3N 50 ANIVERSARIO REVISTA DEL 50 ANIVERSARIO VISITA A LA RESIDENCIA (Noviembre 2016) EXCURSI\u00d3N a Pastrana (Enero 2017) EXCURSI\u00d3N a Atienza (Abril 2017) EXCURSI\u00d3N a Guadalajara (Noviembre 2017) NAVIDAD 2017 CONCIERTO Orquesta y Coro de RTVE 2018 EXCURSI\u00d3N a &hellip; <a href=\"http:\/\/maestrojubilado.es\/?page_id=887\" class=\"more-link\">Contin\u00faa leyendo <span class=\"screen-reader-text\">HISTORIA<\/span><\/a><\/p>\n","protected":false},"author":2,"featured_media":0,"parent":0,"menu_order":0,"comment_status":"closed","ping_status":"closed","template":"","meta":{"footnotes":""},"class_list":["post-887","page","type-page","status-publish","hentry"],"_links":{"self":[{"href":"http:\/\/maestrojubilado.es\/index.php?rest_route=\/wp\/v2\/pages\/887","targetHints":{"allow":["GET"]}}],"collection":[{"href":"http:\/\/maestrojubilado.es\/index.php?rest_route=\/wp\/v2\/pages"}],"about":[{"href":"http:\/\/maestrojubilado.es\/index.php?rest_route=\/wp\/v2\/types\/page"}],"author":[{"embeddable":true,"href":"http:\/\/maestrojubilado.es\/index.php?rest_route=\/wp\/v2\/users\/2"}],"replies":[{"embeddable":true,"href":"http:\/\/maestrojubilado.es\/index.php?rest_route=%2Fwp%2Fv2%2Fcomments&post=887"}],"version-history":[{"count":8,"href":"http:\/\/maestrojubilado.es\/index.php?rest_route=\/wp\/v2\/pages\/887\/revisions"}],"predecessor-version":[{"id":959,"href":"http:\/\/maestrojubilado.es\/index.php?rest_route=\/wp\/v2\/pages\/887\/revisions\/959"}],"wp:attachment":[{"href":"http:\/\/maestrojubilado.es\/index.php?rest_route=%2Fwp%2Fv2%2Fmedia&parent=887"}],"curies":[{"name":"wp","href":"https:\/\/api.w.org\/{rel}","templated":true}]}}